{"id":1851,"date":"2020-01-20T16:26:19","date_gmt":"2020-01-20T19:26:19","guid":{"rendered":"https:\/\/mcfurosecortes.com.br\/?page_id=1851"},"modified":"2020-01-20T18:11:23","modified_gmt":"2020-01-20T21:11:23","slug":"nossos-clientes","status":"publish","type":"page","link":"https:\/\/mcfurosecortes.com.br\/?page_id=1851","title":{"rendered":"Nossos Clientes"},"content":{"rendered":"<section class=\"l-section wpb_row height_medium color_custom with_img parallax_ver with_overlay\" style=\"background-color: #c9c9c9; color: #ffffff;\"><div class=\"l-section-img\" style=\"background-image: url(https:\/\/mcfurosecortes.com.br\/wp-content\/uploads\/2016\/11\/fundo-cimento01.jpg);background-repeat: no-repeat;\" data-img-width=\"1600\" data-img-height=\"388\"><\/div><div class=\"l-section-overlay\" style=\"background-color: rgba(10,10,10,0.62)\"><\/div><div class=\"l-section-h i-cf\"><div class=\"g-cols offset_small\"><div class=\" full-width\"><div class=\"wpb_text_column \"><div class=\"wpb_wrapper\">\n<h1 style=\"text-align: center;\"><i class=\"fa fa-image\"><\/i>\u2003Nossos Clientes<\/h1>\n<\/div> <\/div> <\/div><\/div><\/div><\/section><section class=\"l-section wpb_row height_medium\"><div class=\"l-section-h i-cf\"><div class=\"g-cols offset_small\"><div class=\" full-width animate_afl  vc_custom_1579542365235\"><div class=\"w-logos style_2 nav_none with_indents type_grid cols_6\"><div class=\"w-logos-list\" data-items=\"6\" data-autoplay=\"0\" data-timeout=\"3000\" data-nav=\"0\"><div class=\"w-logos-item\"><img loading=\"lazy\" decoding=\"async\" src=\"https:\/\/mcfurosecortes.com.br\/wp-content\/uploads\/2020\/01\/HOSPITAL-DE-BASE.png\" width=\"226\" height=\"236\" alt=\"\"><\/div><div class=\"w-logos-item\"><img loading=\"lazy\" decoding=\"async\" src=\"https:\/\/mcfurosecortes.com.br\/wp-content\/uploads\/2020\/01\/TOSETTO-TURBOS.jpg\" width=\"235\" height=\"170\" alt=\"\"><\/div><div class=\"w-logos-item\"><img loading=\"lazy\" decoding=\"async\" src=\"https:\/\/mcfurosecortes.com.br\/wp-content\/uploads\/2020\/01\/PREFEITURA-GUAPIA\u00c7U.jpg\" width=\"220\" height=\"229\" alt=\"\"><\/div><div class=\"w-logos-item\"><img loading=\"lazy\" decoding=\"async\" src=\"https:\/\/mcfurosecortes.com.br\/wp-content\/uploads\/2020\/01\/MRV-ENG.png\" width=\"195\" height=\"195\" alt=\"\"><\/div><div class=\"w-logos-item\"><img loading=\"lazy\" decoding=\"async\" src=\"https:\/\/mcfurosecortes.com.br\/wp-content\/uploads\/2020\/01\/SUSMAN-CONSTR..jpg\" width=\"200\" height=\"200\" alt=\"\"><\/div><div class=\"w-logos-item\"><img loading=\"lazy\" decoding=\"async\" src=\"https:\/\/mcfurosecortes.com.br\/wp-content\/uploads\/2020\/01\/THERMAS-LARANJAIS-300x100.png\" width=\"300\" height=\"100\" alt=\"\"><\/div><div class=\"w-logos-item\"><img loading=\"lazy\" decoding=\"async\" src=\"https:\/\/mcfurosecortes.com.br\/wp-content\/uploads\/2020\/01\/USINA-CERRAD\u00c3O.jpg\" width=\"200\" height=\"200\" alt=\"\"><\/div><div class=\"w-logos-item\"><img loading=\"lazy\" decoding=\"async\" src=\"https:\/\/mcfurosecortes.com.br\/wp-content\/uploads\/2020\/01\/TRIDICO-300x82.jpg\" width=\"300\" height=\"82\" alt=\"\"><\/div><div class=\"w-logos-item\"><img loading=\"lazy\" decoding=\"async\" src=\"https:\/\/mcfurosecortes.com.br\/wp-content\/uploads\/2020\/01\/COPLAN-300x300.png\" width=\"300\" height=\"300\" alt=\"\"><\/div><div class=\"w-logos-item\"><img loading=\"lazy\" decoding=\"async\" src=\"https:\/\/mcfurosecortes.com.br\/wp-content\/uploads\/2020\/01\/PORECATU-300x96.png\" width=\"300\" height=\"96\" alt=\"\"><\/div><div class=\"w-logos-item\"><img loading=\"lazy\" decoding=\"async\" src=\"https:\/\/mcfurosecortes.com.br\/wp-content\/uploads\/2020\/01\/UNIMED-300x107.png\" width=\"300\" height=\"107\" alt=\"\"><\/div><div class=\"w-logos-item\"><img loading=\"lazy\" decoding=\"async\" src=\"https:\/\/mcfurosecortes.com.br\/wp-content\/uploads\/2020\/01\/CERVEJARIA-CIDADE-IMPERIAL.png\" width=\"237\" height=\"237\" alt=\"\"><\/div><div class=\"w-logos-item\"><img loading=\"lazy\" decoding=\"async\" src=\"https:\/\/mcfurosecortes.com.br\/wp-content\/uploads\/2020\/01\/CONSTR.-ELEVA\u00c7\u00c3O.png\" width=\"232\" height=\"234\" alt=\"\"><\/div><div class=\"w-logos-item\"><img loading=\"lazy\" decoding=\"async\" src=\"https:\/\/mcfurosecortes.com.br\/wp-content\/uploads\/2020\/01\/GEOMAQ.png\" width=\"300\" height=\"300\" alt=\"\"><\/div><div class=\"w-logos-item\"><img loading=\"lazy\" decoding=\"async\" src=\"https:\/\/mcfurosecortes.com.br\/wp-content\/uploads\/2020\/01\/RM-CONSTRU\u00c7\u00d5ES-300x300.jpg\" width=\"300\" height=\"300\" alt=\"\"><\/div><div class=\"w-logos-item\"><img loading=\"lazy\" decoding=\"async\" src=\"https:\/\/mcfurosecortes.com.br\/wp-content\/uploads\/2020\/01\/CONSTR.-TECNIBRAS-300x154.png\" width=\"300\" height=\"154\" alt=\"\"><\/div><div class=\"w-logos-item\"><img loading=\"lazy\" decoding=\"async\" src=\"https:\/\/mcfurosecortes.com.br\/wp-content\/uploads\/2020\/01\/ITAMARATI-300x78.png\" width=\"300\" height=\"78\" alt=\"\"><\/div><div class=\"w-logos-item\"><img loading=\"lazy\" decoding=\"async\" src=\"https:\/\/mcfurosecortes.com.br\/wp-content\/uploads\/2020\/01\/ANGLO-300x300.png\" width=\"300\" height=\"300\" alt=\"\"><\/div><div class=\"w-logos-item\"><img loading=\"lazy\" decoding=\"async\" src=\"https:\/\/mcfurosecortes.com.br\/wp-content\/uploads\/2020\/01\/INCOMEL-300x184.png\" width=\"300\" height=\"184\" alt=\"\"><\/div><div class=\"w-logos-item\"><img loading=\"lazy\" decoding=\"async\" src=\"https:\/\/mcfurosecortes.com.br\/wp-content\/uploads\/2020\/01\/PONTO-FORTE-300x86.jpg\" width=\"300\" height=\"86\" alt=\"\"><\/div><div class=\"w-logos-item\"><img loading=\"lazy\" decoding=\"async\" src=\"https:\/\/mcfurosecortes.com.br\/wp-content\/uploads\/2020\/01\/SEMAE.png\" width=\"276\" height=\"182\" alt=\"\"><\/div><div class=\"w-logos-item\"><img loading=\"lazy\" decoding=\"async\" src=\"https:\/\/mcfurosecortes.com.br\/wp-content\/uploads\/2020\/01\/PROTENDIT.png\" width=\"170\" height=\"170\" alt=\"\"><\/div><div class=\"w-logos-item\"><img loading=\"lazy\" decoding=\"async\" src=\"https:\/\/mcfurosecortes.com.br\/wp-content\/uploads\/2020\/01\/TEXTIL-ABRIL-300x150.jpg\" width=\"300\" height=\"150\" alt=\"\"><\/div><div class=\"w-logos-item\"><img loading=\"lazy\" decoding=\"async\" src=\"https:\/\/mcfurosecortes.com.br\/wp-content\/uploads\/2020\/01\/COCENZO-CIA-300x127.png\" width=\"300\" height=\"127\" alt=\"\"><\/div><div class=\"w-logos-item\"><img loading=\"lazy\" decoding=\"async\" src=\"https:\/\/mcfurosecortes.com.br\/wp-content\/uploads\/2020\/01\/PLAZA-AVENIDA-SHOPPING.jpg\" width=\"225\" height=\"225\" alt=\"\"><\/div><div class=\"w-logos-item\"><img loading=\"lazy\" decoding=\"async\" src=\"https:\/\/mcfurosecortes.com.br\/wp-content\/uploads\/2020\/01\/GRUPO-CENE.png\" width=\"218\" height=\"272\" alt=\"\"><\/div><div class=\"w-logos-item\"><img loading=\"lazy\" decoding=\"async\" src=\"https:\/\/mcfurosecortes.com.br\/wp-content\/uploads\/2020\/01\/RIOQUIMICA-300x84.png\" width=\"300\" height=\"84\" alt=\"\"><\/div><div class=\"w-logos-item\"><img loading=\"lazy\" decoding=\"async\" src=\"https:\/\/mcfurosecortes.com.br\/wp-content\/uploads\/2020\/01\/TARRAF-EMPR.png\" width=\"225\" height=\"225\" alt=\"\"><\/div><div class=\"w-logos-item\"><img loading=\"lazy\" decoding=\"async\" src=\"https:\/\/mcfurosecortes.com.br\/wp-content\/uploads\/2020\/01\/TEREOS-INTERNACIONAL-300x249.jpg\" width=\"300\" height=\"249\" alt=\"\"><\/div><div class=\"w-logos-item\"><img loading=\"lazy\" decoding=\"async\" src=\"https:\/\/mcfurosecortes.com.br\/wp-content\/uploads\/2020\/01\/SIGNARTEC-300x54.png\" width=\"300\" height=\"54\" alt=\"\"><\/div><div class=\"w-logos-item\"><img loading=\"lazy\" decoding=\"async\" src=\"https:\/\/mcfurosecortes.com.br\/wp-content\/uploads\/2020\/01\/MINERVA-FOODS-300x169.jpg\" width=\"300\" height=\"169\" alt=\"\"><\/div><div class=\"w-logos-item\"><img loading=\"lazy\" decoding=\"async\" src=\"https:\/\/mcfurosecortes.com.br\/wp-content\/uploads\/2020\/01\/POSTO-GUERRA-BARRETOS.png\" width=\"262\" height=\"166\" alt=\"\"><\/div><div class=\"w-logos-item\"><img loading=\"lazy\" decoding=\"async\" src=\"https:\/\/mcfurosecortes.com.br\/wp-content\/uploads\/2020\/01\/IGUATEMI-RIO-PRETO-300x213.png\" width=\"300\" height=\"213\" alt=\"\"><\/div><div class=\"w-logos-item\"><img loading=\"lazy\" decoding=\"async\" src=\"https:\/\/mcfurosecortes.com.br\/wp-content\/uploads\/2020\/01\/PACAEMBU-CONST-300x200.jpg\" width=\"300\" height=\"200\" alt=\"\"><\/div><div class=\"w-logos-item\"><img loading=\"lazy\" decoding=\"async\" src=\"https:\/\/mcfurosecortes.com.br\/wp-content\/uploads\/2020\/01\/PRO-CARDIACO-300x73.png\" width=\"300\" height=\"73\" alt=\"\"><\/div><div class=\"w-logos-item\"><img loading=\"lazy\" decoding=\"async\" src=\"https:\/\/mcfurosecortes.com.br\/wp-content\/uploads\/2020\/01\/USINA-VALE-DO-PARANA-300x95.png\" width=\"300\" height=\"95\" alt=\"\"><\/div><div class=\"w-logos-item\"><img loading=\"lazy\" decoding=\"async\" src=\"https:\/\/mcfurosecortes.com.br\/wp-content\/uploads\/2020\/01\/HELCO-ENG-300x129.png\" width=\"300\" height=\"129\" alt=\"\"><\/div><div class=\"w-logos-item\"><img loading=\"lazy\" decoding=\"async\" src=\"https:\/\/mcfurosecortes.com.br\/wp-content\/uploads\/2020\/01\/ARCONTEMP.png\" width=\"250\" height=\"80\" alt=\"\"><\/div><div class=\"w-logos-item\"><img loading=\"lazy\" decoding=\"async\" src=\"https:\/\/mcfurosecortes.com.br\/wp-content\/uploads\/2020\/01\/USINA-VERTENTE.png\" width=\"180\" height=\"180\" alt=\"\"><\/div><div class=\"w-logos-item\"><img loading=\"lazy\" decoding=\"async\" src=\"https:\/\/mcfurosecortes.com.br\/wp-content\/uploads\/2020\/01\/COFCO-300x169.jpg\" width=\"300\" height=\"169\" alt=\"\"><\/div><div class=\"w-logos-item\"><img loading=\"lazy\" decoding=\"async\" src=\"https:\/\/mcfurosecortes.com.br\/wp-content\/uploads\/2020\/01\/COMAFE.png\" width=\"225\" height=\"225\" alt=\"\"><\/div><div class=\"w-logos-item\"><img loading=\"lazy\" decoding=\"async\" src=\"https:\/\/mcfurosecortes.com.br\/wp-content\/uploads\/2020\/01\/ELLIPSE-PROJETOS-300x300.png\" width=\"300\" height=\"300\" alt=\"\"><\/div><div class=\"w-logos-item\"><img loading=\"lazy\" decoding=\"async\" src=\"https:\/\/mcfurosecortes.com.br\/wp-content\/uploads\/2020\/01\/POLO-ENGENHARIA-300x300.jpg\" width=\"300\" height=\"300\" alt=\"\"><\/div><div class=\"w-logos-item\"><img loading=\"lazy\" decoding=\"async\" src=\"https:\/\/mcfurosecortes.com.br\/wp-content\/uploads\/2020\/01\/LGR-CONSTR..jpg\" width=\"259\" height=\"194\" alt=\"\"><\/div><div class=\"w-logos-item\"><img loading=\"lazy\" decoding=\"async\" src=\"https:\/\/mcfurosecortes.com.br\/wp-content\/uploads\/2020\/01\/CONSTROESTE-GRUPO-FARIA.jpg\" width=\"200\" height=\"200\" alt=\"\"><\/div><div class=\"w-logos-item\"><img loading=\"lazy\" decoding=\"async\" src=\"https:\/\/mcfurosecortes.com.br\/wp-content\/uploads\/2020\/01\/RIO-PRETRANS.png\" width=\"234\" height=\"138\" alt=\"\"><\/div><div class=\"w-logos-item\"><img loading=\"lazy\" decoding=\"async\" src=\"https:\/\/mcfurosecortes.com.br\/wp-content\/uploads\/2020\/01\/SESC-300x158.png\" width=\"300\" height=\"158\" alt=\"\"><\/div><div class=\"w-logos-item\"><img loading=\"lazy\" decoding=\"async\" src=\"https:\/\/mcfurosecortes.com.br\/wp-content\/uploads\/2020\/01\/HUGO-ENG-300x106.jpg\" width=\"300\" height=\"106\" alt=\"\"><\/div><div class=\"w-logos-item\"><img loading=\"lazy\" decoding=\"async\" src=\"https:\/\/mcfurosecortes.com.br\/wp-content\/uploads\/2020\/01\/SENAC-300x176.png\" width=\"300\" height=\"176\" alt=\"\"><\/div><div class=\"w-logos-item\"><img loading=\"lazy\" decoding=\"async\" src=\"https:\/\/mcfurosecortes.com.br\/wp-content\/uploads\/2020\/01\/KIMBERLIT-1.png\" width=\"223\" height=\"82\" alt=\"\"><\/div><\/div><\/div><\/div><\/div><\/div><\/section><section class=\"l-section wpb_row height_small color_custom\" style=\"background-color: #e30000; color: #ffffff;\"><div class=\"l-section-h i-cf\"><div class=\"g-cols offset_small\"><div class=\" full-width animate_afb\"><div class=\"w-actionbox color_custom controls_right\"><div class=\"w-actionbox-text\"><h2>Fale Conosco!<\/h2><p>A <strong>MC Furos e Cortes<\/strong> tem prazer em atend\u00ea-lo e valoriza sua opini\u00e3o. Entre em contato conosco enviando suas d\u00favidas, cr\u00edticas, experi\u00eancias e sugest\u00f5es para que possamos cada vez mais melhorar nossos servi\u00e7os. Estamos a disposi\u00e7\u00e3o!<\/p><\/div><div class=\"w-actionbox-controls\"><a class=\"w-btn color_black style_solid size_medium icon_atleft\" href=\"https:\/\/mcfurosecortes.com.br\/contato\/\"><i class=\"fa fa-phone\"><\/i><span class=\"w-btn-label\">Atendimento<\/span><\/a><\/div><\/div><\/div><\/div><\/div><\/section>\n","protected":false},"excerpt":{"rendered":"","protected":false},"author":1,"featured_media":1291,"parent":0,"menu_order":0,"comment_status":"closed","ping_status":"closed","template":"","meta":{"footnotes":""},"class_list":["post-1851","page","type-page","status-publish","has-post-thumbnail","hentry"],"_links":{"self":[{"href":"https:\/\/mcfurosecortes.com.br\/index.php?rest_route=\/wp\/v2\/pages\/1851","targetHints":{"allow":["GET"]}}],"collection":[{"href":"https:\/\/mcfurosecortes.com.br\/index.php?rest_route=\/wp\/v2\/pages"}],"about":[{"href":"https:\/\/mcfurosecortes.com.br\/index.php?rest_route=\/wp\/v2\/types\/page"}],"author":[{"embeddable":true,"href":"https:\/\/mcfurosecortes.com.br\/index.php?rest_route=\/wp\/v2\/users\/1"}],"replies":[{"embeddable":true,"href":"https:\/\/mcfurosecortes.com.br\/index.php?rest_route=%2Fwp%2Fv2%2Fcomments&post=1851"}],"version-history":[{"count":6,"href":"https:\/\/mcfurosecortes.com.br\/index.php?rest_route=\/wp\/v2\/pages\/1851\/revisions"}],"predecessor-version":[{"id":1926,"href":"https:\/\/mcfurosecortes.com.br\/index.php?rest_route=\/wp\/v2\/pages\/1851\/revisions\/1926"}],"wp:featuredmedia":[{"embeddable":true,"href":"https:\/\/mcfurosecortes.com.br\/index.php?rest_route=\/wp\/v2\/media\/1291"}],"wp:attachment":[{"href":"https:\/\/mcfurosecortes.com.br\/index.php?rest_route=%2Fwp%2Fv2%2Fmedia&parent=1851"}],"curies":[{"name":"wp","href":"https:\/\/api.w.org\/{rel}","templated":true}]}}