{"id":995,"date":"2018-02-08T15:38:06","date_gmt":"2018-02-08T17:38:06","guid":{"rendered":"https:\/\/mcfurosecortes.com.br\/?page_id=995"},"modified":"2020-01-20T19:19:00","modified_gmt":"2020-01-20T22:19:00","slug":"pagina-inicial","status":"publish","type":"page","link":"https:\/\/mcfurosecortes.com.br\/","title":{"rendered":"P\u00e1gina Inicial"},"content":{"rendered":"<section class=\"l-section wpb_row height_auto color_custom\" style=\"background-color: #3d3d3d;\"><div class=\"l-section-h i-cf\"><div class=\"g-cols offset_small\"><div class=\" full-width\"><link href=\"https:\/\/fonts.googleapis.com\/css?family=Raleway:400%7CRoboto:500\" rel=\"stylesheet\" property=\"stylesheet\" type=\"text\/css\" media=\"all\">\n<div id=\"rev_slider_1_1_wrapper\" class=\"rev_slider_wrapper fullwidthbanner-container\" data-source=\"gallery\" style=\"margin:0px auto;background:transparent;padding:0px;margin-top:0px;margin-bottom:0px;\">\n<!-- START REVOLUTION SLIDER 5.4.8.3 fullwidth mode -->\n\t<div id=\"rev_slider_1_1\" class=\"rev_slider fullwidthabanner\" style=\"display:none;\" data-version=\"5.4.8.3\">\n<ul>\t<!-- SLIDE  -->\n\t<li data-index=\"rs-1\" data-transition=\"parallaxtotop\" data-slotamount=\"default\" data-hideafterloop=\"0\" data-hideslideonmobile=\"off\"  data-easein=\"default\" data-easeout=\"default\" data-masterspeed=\"default\"  data-thumb=\"https:\/\/mcfurosecortes.com.br\/wp-content\/uploads\/2020\/01\/sl3-100x50.jpg\"  data-delay=\"5010\"  data-rotate=\"0\"  data-saveperformance=\"off\"  data-title=\"Slide\" data-param1=\"\" data-param2=\"\" data-param3=\"\" data-param4=\"\" data-param5=\"\" data-param6=\"\" data-param7=\"\" data-param8=\"\" data-param9=\"\" data-param10=\"\" data-description=\"\">\n\t\t<!-- MAIN IMAGE -->\n\t\t<img loading=\"lazy\" decoding=\"async\" src=\"https:\/\/mcfurosecortes.com.br\/wp-content\/uploads\/2020\/01\/sl3.jpg\"  alt=\"\" title=\"sl3\"  width=\"1240\" height=\"600\" data-bgposition=\"center center\" data-bgfit=\"cover\" data-bgrepeat=\"no-repeat\" data-bgparallax=\"off\" class=\"rev-slidebg\" data-no-retina>\n\t\t<!-- LAYERS -->\n\n\t\t<!-- LAYER NR. 1 -->\n\t\t<div class=\"tp-caption FatRounded   tp-resizeme\" \n\t\t\t id=\"slide-1-layer-1\" \n\t\t\t data-x=\"center\" data-hoffset=\"\" \n\t\t\t data-y=\"center\" data-voffset=\"-100\" \n\t\t\t\t\t\tdata-width=\"['auto']\"\n\t\t\tdata-height=\"['auto']\"\n \n\t\t\tdata-type=\"text\" \n\t\t\tdata-responsive_offset=\"on\" \n\n\t\t\tdata-frames='[{\"delay\":500,\"speed\":1000,\"frame\":\"0\",\"from\":\"opacity:0;\",\"to\":\"o:1;\",\"ease\":\"Power2.easeInOut\"},{\"delay\":\"+2160\",\"speed\":1000,\"frame\":\"999\",\"to\":\"opacity:0;\",\"ease\":\"nothing\"},{\"frame\":\"hover\",\"speed\":\"300\",\"ease\":\"Linear.easeNone\",\"to\":\"o:1;rX:0;rY:0;rZ:0;z:0;\",\"style\":\"c:rgba(255,255,255,1);bg:rgba(0,0,0,0.7);\"}]'\n\t\t\tdata-textAlign=\"['left','left','left','left']\"\n\t\t\tdata-paddingtop=\"[20,20,20,20]\"\n\t\t\tdata-paddingright=\"[22,22,22,22]\"\n\t\t\tdata-paddingbottom=\"[20,20,20,20]\"\n\t\t\tdata-paddingleft=\"[25,25,25,25]\"\n\n\t\t\tstyle=\"z-index: 5; white-space: nowrap; font-size: 40px; line-height: 40px; font-weight: 400; letter-spacing: px;border-radius:10px 10px 10px 10px;cursor:pointer;\">Loca\u00e7\u00e3o de M\u00e1quinas <\/div>\n\n\t\t<!-- LAYER NR. 2 -->\n\t\t<div class=\"tp-caption rev-btn rev-withicon \" \n\t\t\t id=\"slide-1-layer-3\" \n\t\t\t data-x=\"center\" data-hoffset=\"\" \n\t\t\t data-y=\"center\" data-voffset=\"20\" \n\t\t\t\t\t\tdata-width=\"['auto']\"\n\t\t\tdata-height=\"['auto']\"\n \n\t\t\tdata-type=\"button\" \n\t\t\tdata-actions='[{\"event\":\"click\",\"action\":\"simplelink\",\"target\":\"_self\",\"url\":\"\\\/nossos-servicos\",\"delay\":\"\"}]'\n\t\t\tdata-responsive_offset=\"on\" \n\t\t\tdata-responsive=\"off\"\n\t\t\tdata-frames='[{\"delay\":1500,\"speed\":1000,\"frame\":\"0\",\"from\":\"opacity:0;\",\"to\":\"o:1;\",\"ease\":\"Power2.easeInOut\"},{\"delay\":\"+1700\",\"speed\":1000,\"frame\":\"999\",\"to\":\"opacity:0;\",\"ease\":\"nothing\"},{\"frame\":\"hover\",\"speed\":\"0\",\"ease\":\"Linear.easeNone\",\"to\":\"o:1;rX:0;rY:0;rZ:0;z:0;\",\"style\":\"c:rgba(255,255,255,1);bg:rgba(0,0,0,0.75);bs:solid;bw:0 0 0 0;\"}]'\n\t\t\tdata-textAlign=\"['left','left','left','left']\"\n\t\t\tdata-paddingtop=\"[12,12,12,12]\"\n\t\t\tdata-paddingright=\"[35,35,35,35]\"\n\t\t\tdata-paddingbottom=\"[12,12,12,12]\"\n\t\t\tdata-paddingleft=\"[35,35,35,35]\"\n\n\t\t\tstyle=\"z-index: 6; white-space: nowrap; font-size: 20px; line-height: 17px; font-weight: 500; color: rgba(10,10,10,1); letter-spacing: px;font-family:Roboto;background-color:rgba(255,242,0,1);border-color:rgba(0,0,0,1);border-radius:10px 10px 10px 10px;outline:none;box-shadow:none;box-sizing:border-box;-moz-box-sizing:border-box;-webkit-box-sizing:border-box;cursor:pointer;\">Ver Servi\u00e7os<i class=\"fa-icon-chevron-right\"><\/i> <\/div>\n\t<\/li>\n\t<!-- SLIDE  -->\n\t<li data-index=\"rs-10\" data-transition=\"parallaxtobottom\" data-slotamount=\"default\" data-hideafterloop=\"0\" data-hideslideonmobile=\"off\"  data-easein=\"default\" data-easeout=\"default\" data-masterspeed=\"default\"  data-thumb=\"https:\/\/mcfurosecortes.com.br\/wp-content\/uploads\/2020\/01\/sl1-100x50.jpg\"  data-delay=\"5010\"  data-rotate=\"0\"  data-saveperformance=\"off\"  data-title=\"Slide\" data-param1=\"\" data-param2=\"\" data-param3=\"\" data-param4=\"\" data-param5=\"\" data-param6=\"\" data-param7=\"\" data-param8=\"\" data-param9=\"\" data-param10=\"\" data-description=\"\">\n\t\t<!-- MAIN IMAGE -->\n\t\t<img loading=\"lazy\" decoding=\"async\" src=\"https:\/\/mcfurosecortes.com.br\/wp-content\/uploads\/2020\/01\/sl1.jpg\"  alt=\"\" title=\"sl1\"  width=\"1240\" height=\"600\" data-bgposition=\"center center\" data-bgfit=\"cover\" data-bgrepeat=\"no-repeat\" data-bgparallax=\"off\" class=\"rev-slidebg\" data-no-retina>\n\t\t<!-- LAYERS -->\n\n\t\t<!-- LAYER NR. 3 -->\n\t\t<div class=\"tp-caption FatRounded   tp-resizeme\" \n\t\t\t id=\"slide-10-layer-1\" \n\t\t\t data-x=\"center\" data-hoffset=\"\" \n\t\t\t data-y=\"center\" data-voffset=\"-100\" \n\t\t\t\t\t\tdata-width=\"['auto']\"\n\t\t\tdata-height=\"['auto']\"\n \n\t\t\tdata-type=\"text\" \n\t\t\tdata-responsive_offset=\"on\" \n\n\t\t\tdata-frames='[{\"delay\":500,\"speed\":1000,\"frame\":\"0\",\"from\":\"opacity:0;\",\"to\":\"o:1;\",\"ease\":\"Power2.easeInOut\"},{\"delay\":\"+2160\",\"speed\":1000,\"frame\":\"999\",\"to\":\"opacity:0;\",\"ease\":\"nothing\"},{\"frame\":\"hover\",\"speed\":\"300\",\"ease\":\"Linear.easeNone\",\"to\":\"o:1;rX:0;rY:0;rZ:0;z:0;\",\"style\":\"c:rgba(255,255,255,1);bg:rgba(0,0,0,0.7);\"}]'\n\t\t\tdata-textAlign=\"['left','left','left','left']\"\n\t\t\tdata-paddingtop=\"[20,20,20,20]\"\n\t\t\tdata-paddingright=\"[22,22,22,22]\"\n\t\t\tdata-paddingbottom=\"[20,20,20,20]\"\n\t\t\tdata-paddingleft=\"[25,25,25,25]\"\n\n\t\t\tstyle=\"z-index: 5; white-space: nowrap; font-size: 40px; line-height: 40px; font-weight: 400; letter-spacing: px;border-radius:10px 10px 10px 10px;cursor:pointer;\">Furos em Concreto <\/div>\n\n\t\t<!-- LAYER NR. 4 -->\n\t\t<div class=\"tp-caption rev-btn rev-withicon \" \n\t\t\t id=\"slide-10-layer-3\" \n\t\t\t data-x=\"center\" data-hoffset=\"\" \n\t\t\t data-y=\"center\" data-voffset=\"20\" \n\t\t\t\t\t\tdata-width=\"['auto']\"\n\t\t\tdata-height=\"['auto']\"\n \n\t\t\tdata-type=\"button\" \n\t\t\tdata-actions='[{\"event\":\"click\",\"action\":\"simplelink\",\"target\":\"_self\",\"url\":\"\\\/nossos-servicos\",\"delay\":\"\"}]'\n\t\t\tdata-responsive_offset=\"on\" \n\t\t\tdata-responsive=\"off\"\n\t\t\tdata-frames='[{\"delay\":1500,\"speed\":1000,\"frame\":\"0\",\"from\":\"opacity:0;\",\"to\":\"o:1;\",\"ease\":\"Power2.easeInOut\"},{\"delay\":\"+1700\",\"speed\":1000,\"frame\":\"999\",\"to\":\"opacity:0;\",\"ease\":\"nothing\"},{\"frame\":\"hover\",\"speed\":\"0\",\"ease\":\"Linear.easeNone\",\"to\":\"o:1;rX:0;rY:0;rZ:0;z:0;\",\"style\":\"c:rgba(255,255,255,1);bg:rgba(0,0,0,0.75);bs:solid;bw:0 0 0 0;\"}]'\n\t\t\tdata-textAlign=\"['left','left','left','left']\"\n\t\t\tdata-paddingtop=\"[12,12,12,12]\"\n\t\t\tdata-paddingright=\"[35,35,35,35]\"\n\t\t\tdata-paddingbottom=\"[12,12,12,12]\"\n\t\t\tdata-paddingleft=\"[35,35,35,35]\"\n\n\t\t\tstyle=\"z-index: 6; white-space: nowrap; font-size: 20px; line-height: 17px; font-weight: 500; color: rgba(10,10,10,1); letter-spacing: px;font-family:Roboto;background-color:rgba(255,242,0,1);border-color:rgba(0,0,0,1);border-radius:10px 10px 10px 10px;outline:none;box-shadow:none;box-sizing:border-box;-moz-box-sizing:border-box;-webkit-box-sizing:border-box;cursor:pointer;\">Ver Servi\u00e7os<i class=\"fa-icon-chevron-right\"><\/i> <\/div>\n\t<\/li>\n\t<!-- SLIDE  -->\n\t<li data-index=\"rs-9\" data-transition=\"parallaxtoleft\" data-slotamount=\"default\" data-hideafterloop=\"0\" data-hideslideonmobile=\"off\"  data-easein=\"default\" data-easeout=\"default\" data-masterspeed=\"default\"  data-thumb=\"https:\/\/mcfurosecortes.com.br\/wp-content\/uploads\/2020\/01\/sl2-100x50.jpg\"  data-delay=\"5010\"  data-rotate=\"0\"  data-saveperformance=\"off\"  data-title=\"Slide\" data-param1=\"\" data-param2=\"\" data-param3=\"\" data-param4=\"\" data-param5=\"\" data-param6=\"\" data-param7=\"\" data-param8=\"\" data-param9=\"\" data-param10=\"\" data-description=\"\">\n\t\t<!-- MAIN IMAGE -->\n\t\t<img loading=\"lazy\" decoding=\"async\" src=\"https:\/\/mcfurosecortes.com.br\/wp-content\/uploads\/2020\/01\/sl2.jpg\"  alt=\"\" title=\"sl2\"  width=\"1240\" height=\"600\" data-bgposition=\"center center\" data-bgfit=\"cover\" data-bgrepeat=\"no-repeat\" data-bgparallax=\"off\" class=\"rev-slidebg\" data-no-retina>\n\t\t<!-- LAYERS -->\n\n\t\t<!-- LAYER NR. 5 -->\n\t\t<div class=\"tp-caption FatRounded   tp-resizeme\" \n\t\t\t id=\"slide-9-layer-1\" \n\t\t\t data-x=\"center\" data-hoffset=\"\" \n\t\t\t data-y=\"center\" data-voffset=\"-100\" \n\t\t\t\t\t\tdata-width=\"['auto']\"\n\t\t\tdata-height=\"['auto']\"\n \n\t\t\tdata-type=\"text\" \n\t\t\tdata-responsive_offset=\"on\" \n\n\t\t\tdata-frames='[{\"delay\":500,\"speed\":1000,\"frame\":\"0\",\"from\":\"opacity:0;\",\"to\":\"o:1;\",\"ease\":\"Power2.easeInOut\"},{\"delay\":\"+2160\",\"speed\":1000,\"frame\":\"999\",\"to\":\"opacity:0;\",\"ease\":\"nothing\"},{\"frame\":\"hover\",\"speed\":\"300\",\"ease\":\"Linear.easeNone\",\"to\":\"o:1;rX:0;rY:0;rZ:0;z:0;\",\"style\":\"c:rgba(255,255,255,1);bg:rgba(0,0,0,0.7);\"}]'\n\t\t\tdata-textAlign=\"['left','left','left','left']\"\n\t\t\tdata-paddingtop=\"[20,20,20,20]\"\n\t\t\tdata-paddingright=\"[22,22,22,22]\"\n\t\t\tdata-paddingbottom=\"[20,20,20,20]\"\n\t\t\tdata-paddingleft=\"[25,25,25,25]\"\n\n\t\t\tstyle=\"z-index: 5; white-space: nowrap; font-size: 40px; line-height: 40px; font-weight: 400; letter-spacing: px;border-radius:10px 10px 10px 10px;cursor:pointer;\">Cortes em Concreto <\/div>\n\n\t\t<!-- LAYER NR. 6 -->\n\t\t<div class=\"tp-caption rev-btn rev-withicon \" \n\t\t\t id=\"slide-9-layer-3\" \n\t\t\t data-x=\"center\" data-hoffset=\"\" \n\t\t\t data-y=\"center\" data-voffset=\"20\" \n\t\t\t\t\t\tdata-width=\"['auto']\"\n\t\t\tdata-height=\"['auto']\"\n \n\t\t\tdata-type=\"button\" \n\t\t\tdata-actions='[{\"event\":\"click\",\"action\":\"simplelink\",\"target\":\"_self\",\"url\":\"\\\/nossos-servicos\",\"delay\":\"\"}]'\n\t\t\tdata-responsive_offset=\"on\" \n\t\t\tdata-responsive=\"off\"\n\t\t\tdata-frames='[{\"delay\":1500,\"speed\":1000,\"frame\":\"0\",\"from\":\"opacity:0;\",\"to\":\"o:1;\",\"ease\":\"Power2.easeInOut\"},{\"delay\":\"+1700\",\"speed\":1000,\"frame\":\"999\",\"to\":\"opacity:0;\",\"ease\":\"nothing\"},{\"frame\":\"hover\",\"speed\":\"0\",\"ease\":\"Linear.easeNone\",\"to\":\"o:1;rX:0;rY:0;rZ:0;z:0;\",\"style\":\"c:rgba(255,255,255,1);bg:rgba(0,0,0,0.75);bs:solid;bw:0 0 0 0;\"}]'\n\t\t\tdata-textAlign=\"['left','left','left','left']\"\n\t\t\tdata-paddingtop=\"[12,12,12,12]\"\n\t\t\tdata-paddingright=\"[35,35,35,35]\"\n\t\t\tdata-paddingbottom=\"[12,12,12,12]\"\n\t\t\tdata-paddingleft=\"[35,35,35,35]\"\n\n\t\t\tstyle=\"z-index: 6; white-space: nowrap; font-size: 20px; line-height: 17px; font-weight: 500; color: rgba(10,10,10,1); letter-spacing: px;font-family:Roboto;background-color:rgba(255,242,0,1);border-color:rgba(0,0,0,1);border-radius:10px 10px 10px 10px;outline:none;box-shadow:none;box-sizing:border-box;-moz-box-sizing:border-box;-webkit-box-sizing:border-box;cursor:pointer;\">Ver Servi\u00e7os<i class=\"fa-icon-chevron-right\"><\/i> <\/div>\n\t<\/li>\n<\/ul>\n<script>var htmlDiv = document.getElementById(\"rs-plugin-settings-inline-css\"); var htmlDivCss=\"\";\r\n\t\t\t\t\t\tif(htmlDiv) {\r\n\t\t\t\t\t\t\thtmlDiv.innerHTML = htmlDiv.innerHTML + htmlDivCss;\r\n\t\t\t\t\t\t}else{\r\n\t\t\t\t\t\t\tvar htmlDiv = document.createElement(\"div\");\r\n\t\t\t\t\t\t\thtmlDiv.innerHTML = \"<style>\" + htmlDivCss + \"<\/style>\";\r\n\t\t\t\t\t\t\tdocument.getElementsByTagName(\"head\")[0].appendChild(htmlDiv.childNodes[0]);\r\n\t\t\t\t\t\t}\r\n\t\t\t\t\t<\/script>\n<div class=\"tp-bannertimer\" style=\"height: 5px; background: rgba(0,0,0,0.15);\"><\/div>\t<\/div>\n<script>var htmlDiv = document.getElementById(\"rs-plugin-settings-inline-css\"); var htmlDivCss=\".tp-caption.FatRounded,.FatRounded{color:rgba(255,255,255,1.00);font-size:30px;line-height:30px;font-weight:900;font-style:normal;font-family:Raleway;text-decoration:none;background-color:rgba(0,0,0,0.50);border-color:rgba(211,211,211,1.00);border-style:none;border-width:0px;border-radius:50px 50px 50px 50px;text-shadow:none}.tp-caption.FatRounded:hover,.FatRounded:hover{color:rgba(255,255,255,1.00);text-decoration:none;background-color:rgba(0,0,0,1.00);border-color:rgba(211,211,211,1.00);border-style:none;border-width:0px;border-radius:50px 50px 50px 50px;cursor:pointer}\";\r\n\t\t\t\tif(htmlDiv) {\r\n\t\t\t\t\thtmlDiv.innerHTML = htmlDiv.innerHTML + htmlDivCss;\r\n\t\t\t\t}else{\r\n\t\t\t\t\tvar htmlDiv = document.createElement(\"div\");\r\n\t\t\t\t\thtmlDiv.innerHTML = \"<style>\" + htmlDivCss + \"<\/style>\";\r\n\t\t\t\t\tdocument.getElementsByTagName(\"head\")[0].appendChild(htmlDiv.childNodes[0]);\r\n\t\t\t\t}\r\n\t\t\t<\/script>\n\t\t<script type=\"text\/javascript\">\r\nif (setREVStartSize!==undefined) setREVStartSize(\r\n\t{c: '#rev_slider_1_1', gridwidth: [1240], gridheight: [600], sliderLayout: 'fullwidth'});\r\n\t\t\t\r\nvar revapi1,\r\n\ttpj;\t\r\n(function() {\t\t\t\r\n\tif (!\/loaded|interactive|complete\/.test(document.readyState)) document.addEventListener(\"DOMContentLoaded\",onLoad); else onLoad();\t\r\n\tfunction onLoad() {\t\t\t\t\r\n\t\tif (tpj===undefined) { tpj = jQuery; if(\"off\" == \"on\") tpj.noConflict();}\r\n\tif(tpj(\"#rev_slider_1_1\").revolution == undefined){\n\t\trevslider_showDoubleJqueryError(\"#rev_slider_1_1\");\n\t}else{\n\t\trevapi1 = tpj(\"#rev_slider_1_1\").show().revolution({\n\t\t\tsliderType:\"standard\",\n\t\t\tjsFileLocation:\"\/\/mcfurosecortes.com.br\/wp-content\/plugins\/revslider-5.4.8.3-versao-lendaria-instalador-direto\/public\/assets\/js\/\",\n\t\t\tsliderLayout:\"fullwidth\",\n\t\t\tdottedOverlay:\"none\",\n\t\t\tdelay:9000,\n\t\t\tnavigation: {\n\t\t\t\tkeyboardNavigation:\"off\",\n\t\t\t\tkeyboard_direction: \"horizontal\",\n\t\t\t\tmouseScrollNavigation:\"off\",\n \t\t\t\t\t\t\tmouseScrollReverse:\"default\",\n\t\t\t\tonHoverStop:\"off\",\n\t\t\t\ttouch:{\n\t\t\t\t\ttouchenabled:\"on\",\n\t\t\t\t\ttouchOnDesktop:\"off\",\n\t\t\t\t\tswipe_threshold: 75,\n\t\t\t\t\tswipe_min_touches: 50,\n\t\t\t\t\tswipe_direction: \"horizontal\",\n\t\t\t\t\tdrag_block_vertical: false\n\t\t\t\t}\n\t\t\t\t,\n\t\t\t\tarrows: {\n\t\t\t\t\tstyle:\"hesperiden\",\n\t\t\t\t\tenable:true,\n\t\t\t\t\thide_onmobile:true,\n\t\t\t\t\thide_under:600,\n\t\t\t\t\thide_onleave:true,\n\t\t\t\t\thide_delay:200,\n\t\t\t\t\thide_delay_mobile:1200,\n\t\t\t\t\ttmp:'',\n\t\t\t\t\tleft: {\n\t\t\t\t\t\th_align:\"left\",\n\t\t\t\t\t\tv_align:\"center\",\n\t\t\t\t\t\th_offset:30,\n\t\t\t\t\t\tv_offset:0\n\t\t\t\t\t},\n\t\t\t\t\tright: {\n\t\t\t\t\t\th_align:\"right\",\n\t\t\t\t\t\tv_align:\"center\",\n\t\t\t\t\t\th_offset:30,\n\t\t\t\t\t\tv_offset:0\n\t\t\t\t\t}\n\t\t\t\t}\n\t\t\t\t,\n\t\t\t\tbullets: {\n\t\t\t\t\tenable:true,\n\t\t\t\t\thide_onmobile:true,\n\t\t\t\t\thide_under:600,\n\t\t\t\t\tstyle:\"hephaistos\",\n\t\t\t\t\thide_onleave:true,\n\t\t\t\t\thide_delay:200,\n\t\t\t\t\thide_delay_mobile:1200,\n\t\t\t\t\tdirection:\"horizontal\",\n\t\t\t\t\th_align:\"center\",\n\t\t\t\t\tv_align:\"bottom\",\n\t\t\t\t\th_offset:0,\n\t\t\t\t\tv_offset:30,\n\t\t\t\t\tspace:5,\n\t\t\t\t\ttmp:''\n\t\t\t\t}\n\t\t\t},\n\t\t\tvisibilityLevels:[1240,1024,778,480],\n\t\t\tgridwidth:1240,\n\t\t\tgridheight:600,\n\t\t\tlazyType:\"none\",\n\t\t\tparallax: {\n\t\t\t\ttype:\"mouse\",\n\t\t\t\torigo:\"slidercenter\",\n\t\t\t\tspeed:2000,\n\t\t\t\tspeedbg:0,\n\t\t\t\tspeedls:0,\n\t\t\t\tlevels:[2,3,4,5,6,7,12,16,10,50,47,48,49,50,51,55],\n\t\t\t},\n\t\t\tshadow:0,\n\t\t\tspinner:\"off\",\n\t\t\tstopLoop:\"off\",\n\t\t\tstopAfterLoops:-1,\n\t\t\tstopAtSlide:-1,\n\t\t\tshuffle:\"off\",\n\t\t\tautoHeight:\"off\",\n\t\t\thideThumbsOnMobile:\"off\",\n\t\t\thideSliderAtLimit:0,\n\t\t\thideCaptionAtLimit:0,\n\t\t\thideAllCaptionAtLilmit:0,\n\t\t\tdebugMode:false,\n\t\t\tfallbacks: {\n\t\t\t\tsimplifyAll:\"off\",\n\t\t\t\tnextSlideOnWindowFocus:\"off\",\n\t\t\t\tdisableFocusListener:false,\n\t\t\t}\n\t\t});\n\t}; \/* END OF revapi call *\/\n\t\n }; \/* END OF ON LOAD FUNCTION *\/\r\n}()); \/* END OF WRAPPING FUNCTION *\/\r\n<\/script>\r\n\t\t<script>\r\n\t\t\t\t\tvar htmlDivCss = unescape(\".hesperiden.tparrows%20%7B%0A%09cursor%3Apointer%3B%0A%09background%3Argba%280%2C0%2C0%2C0.5%29%3B%0A%09width%3A40px%3B%0A%09height%3A40px%3B%0A%09position%3Aabsolute%3B%0A%09display%3Ablock%3B%0A%09z-index%3A100%3B%0A%20%20%20%20border-radius%3A%2050%25%3B%0A%7D%0A.hesperiden.tparrows%3Ahover%20%7B%0A%09background%3Argba%280%2C%200%2C%200%2C%201%29%3B%0A%7D%0A.hesperiden.tparrows%3Abefore%20%7B%0A%09font-family%3A%20%22revicons%22%3B%0A%09font-size%3A20px%3B%0A%09color%3Argb%28255%2C%20255%2C%20255%29%3B%0A%09display%3Ablock%3B%0A%09line-height%3A%2040px%3B%0A%09text-align%3A%20center%3B%0A%7D%0A.hesperiden.tparrows.tp-leftarrow%3Abefore%20%7B%0A%09content%3A%20%22%5Ce82c%22%3B%0A%20%20%20%20margin-left%3A-3px%3B%0A%7D%0A.hesperiden.tparrows.tp-rightarrow%3Abefore%20%7B%0A%09content%3A%20%22%5Ce82d%22%3B%0A%20%20%20%20margin-right%3A-3px%3B%0A%7D%0A.hephaistos%20.tp-bullet%20%7B%0A%09width%3A12px%3B%0A%09height%3A12px%3B%0A%09position%3Aabsolute%3B%0A%09background%3Argba%28153%2C%20153%2C%20153%2C%201%29%3B%0A%09border%3A3px%20solid%20rgba%28255%2C255%2C255%2C0.9%29%3B%0A%09border-radius%3A50%25%3B%0A%09cursor%3A%20pointer%3B%0A%09box-sizing%3Acontent-box%3B%0A%20%20%20%20box-shadow%3A%200px%200px%202px%201px%20rgba%28130%2C130%2C130%2C%200.3%29%3B%0A%7D%0A.hephaistos%20.tp-bullet%3Ahover%2C%0A.hephaistos%20.tp-bullet.selected%20%7B%0A%09background%3Argba%28255%2C%20255%2C%20255%2C%201%29%3B%0A%20%20%20%20border-color%3Argba%280%2C%200%2C%200%2C%201%29%3B%0A%7D%0A\");\r\n\t\t\t\t\tvar htmlDiv = document.getElementById('rs-plugin-settings-inline-css');\r\n\t\t\t\t\tif(htmlDiv) {\r\n\t\t\t\t\t\thtmlDiv.innerHTML = htmlDiv.innerHTML + htmlDivCss;\r\n\t\t\t\t\t}\r\n\t\t\t\t\telse{\r\n\t\t\t\t\t\tvar htmlDiv = document.createElement('div');\r\n\t\t\t\t\t\thtmlDiv.innerHTML = '<style>' + htmlDivCss + '<\/style>';\r\n\t\t\t\t\t\tdocument.getElementsByTagName('head')[0].appendChild(htmlDiv.childNodes[0]);\r\n\t\t\t\t\t}\r\n\t\t\t\t  <\/script>\r\n\t\t\t\t<\/div><!-- END REVOLUTION SLIDER --><\/div><\/div><\/div><\/section><section class=\"l-section wpb_row height_auto width_full color_custom\" style=\" color: #ffffff;\"><div class=\"l-section-h i-cf\"><div class=\"g-cols offset_none\"><div class=\" one-third  vc_custom_1518111689293\"><div class=\"w-counter size_medium color_custom\" data-initial=\"0\" data-target=\"1996\" data-prefix=\"\" data-suffix=\"\">\r\n\t<div class=\"w-counter-h\">\r\n\t\t<div class=\"w-counter-number\" style=\"color: #ffffff\">\r\n\t\t\t0\t\t<\/div>\r\n\t\t\t\t\t<h6 class=\"w-counter-title\">Desde<\/h6>\r\n\t\t\t<\/div>\r\n<\/div>\r\n<\/div><div class=\" one-third  vc_custom_1518608316855\"><div class=\"w-counter size_small color_custom\" data-initial=\"0\" data-target=\"100\" data-prefix=\"\" data-suffix=\"%\">\r\n\t<div class=\"w-counter-h\">\r\n\t\t<div class=\"w-counter-number\" style=\"color: #ffffff\">\r\n\t\t\t0%\t\t<\/div>\r\n\t\t\t\t\t<h6 class=\"w-counter-title\">Experi\u00eancia e qualidade<\/h6>\r\n\t\t\t<\/div>\r\n<\/div>\r\n<\/div><div class=\" one-third  vc_custom_1518111712753\"><div class=\"w-counter size_medium color_custom\" data-initial=\"0\" data-target=\"2000\" data-prefix=\"\" data-suffix=\"+\">\r\n\t<div class=\"w-counter-h\">\r\n\t\t<div class=\"w-counter-number\" style=\"color: #ffffff\">\r\n\t\t\t0+\t\t<\/div>\r\n\t\t\t\t\t<h6 class=\"w-counter-title\">Clientes atendidos<\/h6>\r\n\t\t\t<\/div>\r\n<\/div>\r\n<\/div><\/div><\/div><\/section><section class=\"l-section wpb_row height_medium color_custom\" style=\"background-color: #e8e8e8;\"><div class=\"l-section-h i-cf\"><div class=\"g-cols offset_small\"><div class=\" one-third animate_afl\"><div class=\"w-iconbox iconpos_left size_small style_default color_custom\"><div class=\"w-iconbox-icon\" style=\"color: #0a0a0a;\"><i class=\"fa fa-check-circle\"><\/i><\/div><h4 class=\"w-iconbox-title\">Nossa Miss\u00e3o<\/h4><div class=\"w-iconbox-text\">Honrar a tradi\u00e7\u00e3o de ser uma empresa respeitada e bem sucedida no setor e gerar valor para nossos Clientes e Colaboradores, pois esse \u00e9 nosso maior patrim\u00f4nio.<\/div><\/div><\/div><div class=\" one-third animate_afb\"><div class=\"w-iconbox iconpos_left size_small style_default color_custom\"><div class=\"w-iconbox-icon\" style=\"color: #0a0a0a;\"><i class=\"fa fa-eye\"><\/i><\/div><h4 class=\"w-iconbox-title\">Nossa Vis\u00e3o<\/h4><div class=\"w-iconbox-text\">Manter-se entre as principais empresas do ramo e continuar sendo refer\u00eancia de excel\u00eancia nos servi\u00e7os prestados.<\/div><\/div><\/div><div class=\" one-third animate_afr\"><div class=\"w-iconbox iconpos_left size_small style_default color_custom\"><div class=\"w-iconbox-icon\" style=\"color: #0a0a0a;\"><i class=\"fa fa-star\"><\/i><\/div><h4 class=\"w-iconbox-title\">Nossos Valores<\/h4><div class=\"w-iconbox-text\">Verdade, pontualidade, transpar\u00eancia e respeito.<\/div><\/div><\/div><\/div><\/div><\/section><section class=\"l-section wpb_row height_small color_custom\" style=\"background-color: #e30000; color: #ffffff;\"><div class=\"l-section-h i-cf\"><div class=\"g-cols offset_small\"><div class=\" full-width animate_afb\"><div class=\"w-actionbox color_custom controls_right\"><div class=\"w-actionbox-text\"><h2>Conhe\u00e7a nosso trabalho!<\/h2><p>Clique e veja os servi\u00e7os que a <strong>MC Furos e Cortes<\/strong> tem para oferecer.<br \/>\nQualidade, pontualidade e respeito ao cliente. \u00c9 assim que trabalhamos.<\/p><\/div><div class=\"w-actionbox-controls\"><a class=\"w-btn color_black style_solid size_medium icon_atleft\" href=\"https:\/\/mcfurosecortes.com.br\/produtos\/\"><i class=\"fa fa-arrow-right\"><\/i><span class=\"w-btn-label\">Nossos Servi\u00e7os<\/span><\/a><\/div><\/div><\/div><\/div><\/div><\/section><section class=\"l-section wpb_row height_medium color_secondary with_img parallax_ver with_overlay\"><div class=\"l-section-img\" style=\"background-image: url(https:\/\/mcfurosecortes.com.br\/wp-content\/uploads\/2020\/01\/foto_fundo_1.jpg);\" data-img-width=\"1205\" data-img-height=\"678\"><\/div><div class=\"l-section-overlay\" style=\"background-color: rgba(0,0,0,0.69)\"><\/div><div class=\"l-section-h i-cf\"><div class=\"g-cols offset_small\"><div class=\" full-width animate_afb\"><div class=\"wpb_text_column \"><div class=\"wpb_wrapper\">\n<h1 style=\"text-align: center;\">MC FUROS E CORTES<\/h1>\n<h6 style=\"text-align: center;\"><strong>Cortes em concreto &#8211; Furos em concreto &#8211; Loca\u00e7\u00e3o de m\u00e1quinas<\/strong><\/h6>\n<h3 style=\"text-align: center;\">&#8220;Qualidade,\u00a0experi\u00eancia e profissionalismo&#8221;<\/h3>\n<\/div> <\/div> <div class=\"w-separator type_default size_medium thick_1 style_solid color_border cont_icon\"><span class=\"w-separator-h\"><i class=\"fa fa-angle-double-down\"><\/i><\/span><\/div><div class=\"w-btn-wrapper align_center\"><a class=\"w-btn style_solid size_medium color_secondary icon_atleft\" href=\"https:\/\/mcfurosecortes.com.br\/nossos-servicos\/\"><i class=\"fa fa-phone\"><\/i><span class=\"w-btn-label\">entre em contato<\/span><\/a><\/div><\/div><\/div><\/div><\/section>\n","protected":false},"excerpt":{"rendered":"Loca\u00e7\u00e3o de M\u00e1quinas Ver Servi\u00e7os Furos em Concreto Ver Servi\u00e7os Cortes em Concreto Ver Servi\u00e7os 0 Desde 0% Experi\u00eancia e qualidade 0+ Clientes atendidos Nossa...","protected":false},"author":1,"featured_media":1291,"parent":0,"menu_order":0,"comment_status":"closed","ping_status":"closed","template":"","meta":{"footnotes":""},"class_list":["post-995","page","type-page","status-publish","has-post-thumbnail","hentry"],"_links":{"self":[{"href":"https:\/\/mcfurosecortes.com.br\/index.php?rest_route=\/wp\/v2\/pages\/995","targetHints":{"allow":["GET"]}}],"collection":[{"href":"https:\/\/mcfurosecortes.com.br\/index.php?rest_route=\/wp\/v2\/pages"}],"about":[{"href":"https:\/\/mcfurosecortes.com.br\/index.php?rest_route=\/wp\/v2\/types\/page"}],"author":[{"embeddable":true,"href":"https:\/\/mcfurosecortes.com.br\/index.php?rest_route=\/wp\/v2\/users\/1"}],"replies":[{"embeddable":true,"href":"https:\/\/mcfurosecortes.com.br\/index.php?rest_route=%2Fwp%2Fv2%2Fcomments&post=995"}],"version-history":[{"count":66,"href":"https:\/\/mcfurosecortes.com.br\/index.php?rest_route=\/wp\/v2\/pages\/995\/revisions"}],"predecessor-version":[{"id":1983,"href":"https:\/\/mcfurosecortes.com.br\/index.php?rest_route=\/wp\/v2\/pages\/995\/revisions\/1983"}],"wp:featuredmedia":[{"embeddable":true,"href":"https:\/\/mcfurosecortes.com.br\/index.php?rest_route=\/wp\/v2\/media\/1291"}],"wp:attachment":[{"href":"https:\/\/mcfurosecortes.com.br\/index.php?rest_route=%2Fwp%2Fv2%2Fmedia&parent=995"}],"curies":[{"name":"wp","href":"https:\/\/api.w.org\/{rel}","templated":true}]}}